{"id":31,"date":"2023-08-17T09:53:23","date_gmt":"2023-08-17T09:53:23","guid":{"rendered":"http:\/\/source.wpopal.com\/bakevo\/?page_id=31"},"modified":"2025-03-18T17:14:53","modified_gmt":"2025-03-18T17:14:53","slug":"contact-us","status":"publish","type":"page","link":"https:\/\/www.tsachi.ec\/?page_id=31","title":{"rendered":"Contactos"},"content":{"rendered":"\t\t<div data-elementor-type=\"wp-page\" data-elementor-id=\"31\" class=\"elementor elementor-31\">\n\t\t\t\t<div class=\"elementor-element elementor-element-bc809bb e-con-full e-flex e-con e-parent\" data-id=\"bc809bb\" data-element_type=\"container\">\n\t\t<div class=\"elementor-element elementor-element-07b2c41 e-con-full e-flex e-con e-child\" data-id=\"07b2c41\" data-element_type=\"container\">\n\t\t\t\t<div class=\"elementor-element elementor-element-7027b25 elementor-widget elementor-widget-google_maps\" data-id=\"7027b25\" data-element_type=\"widget\" data-widget_type=\"google_maps.default\">\n\t\t\t\t\t\t\t<div class=\"elementor-custom-embed\">\n\t\t\t<iframe loading=\"lazy\"\n\t\t\t\t\tsrc=\"https:\/\/maps.google.com\/maps?q=Av%20R%C3%ADo%20Zamora%20Oe7-569%2C%20Quito%20170804&#038;t=m&#038;z=10&#038;output=embed&#038;iwloc=near\"\n\t\t\t\t\ttitle=\"Av R\u00edo Zamora Oe7-569, Quito 170804\"\n\t\t\t\t\taria-label=\"Av R\u00edo Zamora Oe7-569, Quito 170804\"\n\t\t\t><\/iframe>\n\t\t<\/div>\n\t\t\t\t\t\t<\/div>\n\t\t\t\t<\/div>\n\t\t<div class=\"elementor-element elementor-element-16fa3b5 e-con-full e-flex e-con e-child\" data-id=\"16fa3b5\" data-element_type=\"container\">\n\t\t<div class=\"elementor-element elementor-element-4ccbdcf e-con-full e-flex e-con e-child\" data-id=\"4ccbdcf\" data-element_type=\"container\" data-settings=\"{&quot;background_background&quot;:&quot;classic&quot;}\">\n\t\t\t\t<div class=\"elementor-element elementor-element-2966b53 elementor-view-framed elementor-shape-dashed-circle elementor-position-left elementor-widget__width-initial elementor-mobile-position-left elementor-icon-box-divider-horizontal-left elementor-icon-box-divider-vertical-top elementor-vertical-align-top elementor-widget elementor-widget-icon-box\" data-id=\"2966b53\" data-element_type=\"widget\" data-widget_type=\"icon-box.default\">\n\t\t\t\t\t    \t\t<div class=\"elementor-icon-box-wrapper\">\n    \t\t\t    \t\t\t<div class=\"elementor-icon-box-icon\">\n    \t\t\t\t<span class=\"elementor-icon elementor-animation-\" >\n    \t\t\t\t<i aria-hidden=\"true\" class=\"bakevo-icon- bakevo-icon-mail-o\"><\/i>\n\n\n\n    \t\t\t\t<\/span>\n\n    \t\t\t<\/div>\n    \t\t\t    \t\t\t<div class=\"elementor-icon-box-content\">\n    \t\t\t\t<h3 class=\"elementor-icon-box-title\">\n    \t\t\t\t\t<span  >\n    \t\t\t\t\t\tCont\u00e1ctanos    \t\t\t\t\t<\/span>\n    \t\t\t\t<\/h3>\n    \t\t\t\t    \t\t\t\t\t<p class=\"elementor-icon-box-description\">\n    \t\t\t\t\t\tCont\u00e1ctanos: <span style=\"color: var(--e-global-color-primary );\" ><br>+593 9 984 60949<\/span>\n<br>Email: <span style=\"color:#555555;font-style: italic;\" >gerencia.tsachi@gmail.com<\/span>    \t\t\t\t\t<\/p>\n    \t\t\t\t    \t\t\t<\/div>\n\n    \t\t<\/div>\n    \t\t\t\t\t\t<\/div>\n\t\t\t\t<div class=\"elementor-element elementor-element-d301ba0 elementor-view-framed elementor-shape-dashed-circle elementor-position-left elementor-widget__width-initial elementor-mobile-position-left elementor-icon-box-divider-horizontal-left elementor-icon-box-divider-vertical-top elementor-vertical-align-top elementor-widget elementor-widget-icon-box\" data-id=\"d301ba0\" data-element_type=\"widget\" data-widget_type=\"icon-box.default\">\n\t\t\t\t\t    \t\t<div class=\"elementor-icon-box-wrapper\">\n    \t\t\t    \t\t\t<div class=\"elementor-icon-box-icon\">\n    \t\t\t\t<span class=\"elementor-icon elementor-animation-\" >\n    \t\t\t\t<i aria-hidden=\"true\" class=\"bakevo-icon- bakevo-icon-clock\"><\/i>\n\n\n\n    \t\t\t\t<\/span>\n\n    \t\t\t<\/div>\n    \t\t\t    \t\t\t<div class=\"elementor-icon-box-content\">\n    \t\t\t\t<h3 class=\"elementor-icon-box-title\">\n    \t\t\t\t\t<span  >\n    \t\t\t\t\t\tHorario de atenci\u00f3n    \t\t\t\t\t<\/span>\n    \t\t\t\t<\/h3>\n    \t\t\t\t    \t\t\t\t\t<p class=\"elementor-icon-box-description\">\n    \t\t\t\t\t\tLunes a Viernes: 7.00 am - 8.00 pm S\u00e1bado y domingo: 8.00 am - 6.00 pm    \t\t\t\t\t<\/p>\n    \t\t\t\t    \t\t\t<\/div>\n\n    \t\t<\/div>\n    \t\t\t\t\t\t<\/div>\n\t\t\t\t<\/div>\n\t\t\t\t<\/div>\n\t\t\t\t<\/div>\n\t\t\t\t<\/div>\n\t\t","protected":false},"excerpt":{"rendered":"<p>Cont\u00e1ctanos Cont\u00e1ctanos: +593 9 984 60949 Email: gerencia.tsachi@gmail.com Horario de atenci\u00f3n Lunes a Viernes: 7.00 am &#8211; 8.00 pm S\u00e1bado y domingo: 8.00 am &#8211; 6.00 pm<\/p>\n","protected":false},"author":1,"featured_media":0,"parent":0,"menu_order":0,"comment_status":"closed","ping_status":"closed","template":"","meta":{"inline_featured_image":false,"footnotes":""},"class_list":["post-31","page","type-page","status-publish","hentry"],"_links":{"self":[{"href":"https:\/\/www.tsachi.ec\/index.php?rest_route=\/wp\/v2\/pages\/31","targetHints":{"allow":["GET"]}}],"collection":[{"href":"https:\/\/www.tsachi.ec\/index.php?rest_route=\/wp\/v2\/pages"}],"about":[{"href":"https:\/\/www.tsachi.ec\/index.php?rest_route=\/wp\/v2\/types\/page"}],"author":[{"embeddable":true,"href":"https:\/\/www.tsachi.ec\/index.php?rest_route=\/wp\/v2\/users\/1"}],"replies":[{"embeddable":true,"href":"https:\/\/www.tsachi.ec\/index.php?rest_route=%2Fwp%2Fv2%2Fcomments&post=31"}],"version-history":[{"count":13,"href":"https:\/\/www.tsachi.ec\/index.php?rest_route=\/wp\/v2\/pages\/31\/revisions"}],"predecessor-version":[{"id":6076,"href":"https:\/\/www.tsachi.ec\/index.php?rest_route=\/wp\/v2\/pages\/31\/revisions\/6076"}],"wp:attachment":[{"href":"https:\/\/www.tsachi.ec\/index.php?rest_route=%2Fwp%2Fv2%2Fmedia&parent=31"}],"curies":[{"name":"wp","href":"https:\/\/api.w.org\/{rel}","templated":true}]}}